{"id":1424,"date":"2022-05-15T03:26:58","date_gmt":"2022-05-15T00:26:58","guid":{"rendered":"https:\/\/www.ernasiletisim.com\/tr\/?page_id=1424"},"modified":"2024-06-24T17:56:47","modified_gmt":"2024-06-24T14:56:47","slug":"bgys","status":"publish","type":"page","link":"https:\/\/www.ernasiletisim.com\/tr\/eys\/bgys","title":{"rendered":"ISO 27001 Bilgi G\u00fcvenli\u011fi Y\u00f6netim Sistemi"},"content":{"rendered":"\n<div class=\"wp-block-safirtema-mainheading mainHeading\"><div class=\"inner\"><div class=\"icon safiricon\"><svg class=\"safiricon-icon78\"><use href=\"#safiricon-icon78\"><\/use><\/svg><\/div><div class=\"text\">ISO 27001 Bilgi G\u00fcvenli\u011fi Y\u00f6netim Sistemi<\/div><\/div><\/div>\n\n\n\n<p><a href=\"https:\/\/www.ernasiletisim.com\/tr\/wp-content\/uploads\/BGV.PLT_.01.TR-bilgi-guvenligi-politikasi.pdf\" target=\"_blank\" rel=\"noreferrer noopener\">Bilgi G\u00fcvenli\u011fi Politikas\u0131<\/a><\/p>\n\n\n\n<p><a href=\"https:\/\/www.ernasiletisim.com\/tr\/wp-content\/uploads\/iso-27001_24.pdf\" target=\"_blank\" rel=\"noreferrer noopener\">BGYS Sertifikas\u0131<\/a><\/p>\n","protected":false},"excerpt":{"rendered":"<p>Bilgi G\u00fcvenli\u011fi Politikas\u0131 BGYS Sertifikas\u0131<\/p>\n","protected":false},"author":1,"featured_media":0,"parent":1418,"menu_order":0,"comment_status":"closed","ping_status":"closed","template":"","meta":{"footnotes":""},"class_list":["post-1424","page","type-page","status-publish","hentry"],"_links":{"self":[{"href":"https:\/\/www.ernasiletisim.com\/tr\/wp-json\/wp\/v2\/pages\/1424","targetHints":{"allow":["GET"]}}],"collection":[{"href":"https:\/\/www.ernasiletisim.com\/tr\/wp-json\/wp\/v2\/pages"}],"about":[{"href":"https:\/\/www.ernasiletisim.com\/tr\/wp-json\/wp\/v2\/types\/page"}],"author":[{"embeddable":true,"href":"https:\/\/www.ernasiletisim.com\/tr\/wp-json\/wp\/v2\/users\/1"}],"replies":[{"embeddable":true,"href":"https:\/\/www.ernasiletisim.com\/tr\/wp-json\/wp\/v2\/comments?post=1424"}],"version-history":[{"count":5,"href":"https:\/\/www.ernasiletisim.com\/tr\/wp-json\/wp\/v2\/pages\/1424\/revisions"}],"predecessor-version":[{"id":1623,"href":"https:\/\/www.ernasiletisim.com\/tr\/wp-json\/wp\/v2\/pages\/1424\/revisions\/1623"}],"up":[{"embeddable":true,"href":"https:\/\/www.ernasiletisim.com\/tr\/wp-json\/wp\/v2\/pages\/1418"}],"wp:attachment":[{"href":"https:\/\/www.ernasiletisim.com\/tr\/wp-json\/wp\/v2\/media?parent=1424"}],"curies":[{"name":"wp","href":"https:\/\/api.w.org\/{rel}","templated":true}]}}