{"id":1422,"date":"2022-05-15T03:26:07","date_gmt":"2022-05-15T00:26:07","guid":{"rendered":"https:\/\/www.ernasiletisim.com\/tr\/?page_id=1422"},"modified":"2024-06-24T17:57:31","modified_gmt":"2024-06-24T14:57:31","slug":"kys","status":"publish","type":"page","link":"https:\/\/www.ernasiletisim.com\/tr\/eys\/kys","title":{"rendered":"ISO 9001 Kalite Y\u00f6netim Sistemi"},"content":{"rendered":"\n<div class=\"wp-block-safirtema-mainheading mainHeading\"><div class=\"inner\"><div class=\"icon safiricon\"><svg class=\"safiricon-icon78\"><use href=\"#safiricon-icon78\"><\/use><\/svg><\/div><div class=\"text\">ISO 9001 Kalite Y\u00f6netim Sistemi<\/div><\/div><\/div>\n\n\n\n<p><a href=\"https:\/\/www.ernasiletisim.com\/tr\/wp-content\/uploads\/KYS.PLT_.01.TR-kalite-politikasi-v2.pdf\" target=\"_blank\" rel=\"noreferrer noopener\">Kalite Politikas\u0131<\/a><\/p>\n\n\n\n<p><a href=\"https:\/\/www.ernasiletisim.com\/tr\/wp-content\/uploads\/KYS.PLT_.02.TR-musteri-memnuniyeti-politikasi-v2.pdf\" target=\"_blank\" rel=\"noreferrer noopener\">M\u00fc\u015fteri Memnuniyeti Politikas\u0131<\/a><\/p>\n\n\n\n<p><a href=\"https:\/\/www.ernasiletisim.com\/tr\/wp-content\/uploads\/iso-9001_24.pdf\" target=\"_blank\" rel=\"noreferrer noopener\" title=\"https:\/\/www.ernasiletisim.com\/tr\/wp-content\/uploads\/ernas-iso-9001.pdf\">KYS Sertifikas\u0131<\/a><\/p>\n\n\n\n<p><a href=\"https:\/\/www.ernasiletisim.com\/tr\/wp-content\/uploads\/ISG.PLT_.01.TR-is-sagligi-ve-guvenligi-politikasi-v2.pdf\" target=\"_blank\" rel=\"noreferrer noopener\">\u0130\u015f Sa\u011fl\u0131\u011f\u0131 ve G\u00fcvenli\u011fi Politikas\u0131<\/a><\/p>\n","protected":false},"excerpt":{"rendered":"<p>Kalite Politikas\u0131 M\u00fc\u015fteri Memnuniyeti Politikas\u0131 KYS Sertifikas\u0131 \u0130\u015f Sa\u011fl\u0131\u011f\u0131 ve G\u00fcvenli\u011fi Politikas\u0131<\/p>\n","protected":false},"author":1,"featured_media":0,"parent":1418,"menu_order":0,"comment_status":"closed","ping_status":"closed","template":"","meta":{"footnotes":""},"class_list":["post-1422","page","type-page","status-publish","hentry"],"_links":{"self":[{"href":"https:\/\/www.ernasiletisim.com\/tr\/wp-json\/wp\/v2\/pages\/1422","targetHints":{"allow":["GET"]}}],"collection":[{"href":"https:\/\/www.ernasiletisim.com\/tr\/wp-json\/wp\/v2\/pages"}],"about":[{"href":"https:\/\/www.ernasiletisim.com\/tr\/wp-json\/wp\/v2\/types\/page"}],"author":[{"embeddable":true,"href":"https:\/\/www.ernasiletisim.com\/tr\/wp-json\/wp\/v2\/users\/1"}],"replies":[{"embeddable":true,"href":"https:\/\/www.ernasiletisim.com\/tr\/wp-json\/wp\/v2\/comments?post=1422"}],"version-history":[{"count":8,"href":"https:\/\/www.ernasiletisim.com\/tr\/wp-json\/wp\/v2\/pages\/1422\/revisions"}],"predecessor-version":[{"id":1624,"href":"https:\/\/www.ernasiletisim.com\/tr\/wp-json\/wp\/v2\/pages\/1422\/revisions\/1624"}],"up":[{"embeddable":true,"href":"https:\/\/www.ernasiletisim.com\/tr\/wp-json\/wp\/v2\/pages\/1418"}],"wp:attachment":[{"href":"https:\/\/www.ernasiletisim.com\/tr\/wp-json\/wp\/v2\/media?parent=1422"}],"curies":[{"name":"wp","href":"https:\/\/api.w.org\/{rel}","templated":true}]}}