{"id":1420,"date":"2022-05-15T03:25:30","date_gmt":"2022-05-15T00:25:30","guid":{"rendered":"https:\/\/www.ernasiletisim.com\/tr\/?page_id=1420"},"modified":"2022-05-17T20:35:40","modified_gmt":"2022-05-17T17:35:40","slug":"kvkk","status":"publish","type":"page","link":"https:\/\/www.ernasiletisim.com\/tr\/eys\/kvkk","title":{"rendered":"KVK Kanunu Uyum Y\u00f6netim Sistemi"},"content":{"rendered":"\n<div class=\"wp-block-safirtema-mainheading mainHeading custom-eys\"><div class=\"inner\"><div class=\"icon safiricon\"><svg class=\"safiricon-icon78\"><use href=\"#safiricon-icon78\"><\/use><\/svg><\/div><div class=\"text\">KVK Uyum Y\u00f6netim Sistemi<\/div><\/div><\/div>\n\n\n\n<p><a href=\"https:\/\/www.ernasiletisim.com\/tr\/wp-content\/uploads\/KVK.SZL_.04.TR-aydinlatma-metni-bize-ulasin-iletisim-formu.pdf\" target=\"_blank\" rel=\"noreferrer noopener\">Ayd\u0131nlatma Metni Bize Ula\u015f\u0131n \u0130leti\u015fim Formu<\/a><\/p>\n\n\n\n<p><a href=\"https:\/\/www.ernasiletisim.com\/tr\/wp-content\/uploads\/KVK.SZL_.05.TR-aydinlatma-metni-kamera-kayit-surecleri.pdf\" target=\"_blank\" rel=\"noreferrer noopener\">Ayd\u0131nlatma Metni Kamera Kay\u0131t S\u00fcre\u00e7leri<\/a><\/p>\n\n\n\n<p><a href=\"https:\/\/www.ernasiletisim.com\/tr\/wp-content\/uploads\/KVK.PLT_.01.TR-kisisel-veri-saklama-ve-imha-politikasi.pdf\" target=\"_blank\" rel=\"noreferrer noopener\">Ki\u015fisel Veri Saklama ve \u0130mha Politikas\u0131<\/a><\/p>\n\n\n\n<p><a href=\"https:\/\/www.ernasiletisim.com\/tr\/wp-content\/uploads\/KVK.FRM_.02.TR-veri-sahibi-basvuru-formu.pdf\" target=\"_blank\" rel=\"noreferrer noopener\">Veri Sahibi Ba\u015fvuru Formu<\/a><\/p>\n","protected":false},"excerpt":{"rendered":"<p>Ayd\u0131nlatma Metni Bize Ula\u015f\u0131n \u0130leti\u015fim Formu Ayd\u0131nlatma Metni Kamera Kay\u0131t S\u00fcre\u00e7leri Ki\u015fisel Veri Saklama ve \u0130mha Politikas\u0131 Veri Sahibi Ba\u015fvuru Formu<\/p>\n","protected":false},"author":1,"featured_media":0,"parent":1418,"menu_order":0,"comment_status":"closed","ping_status":"closed","template":"","meta":{"footnotes":""},"class_list":["post-1420","page","type-page","status-publish","hentry"],"_links":{"self":[{"href":"https:\/\/www.ernasiletisim.com\/tr\/wp-json\/wp\/v2\/pages\/1420","targetHints":{"allow":["GET"]}}],"collection":[{"href":"https:\/\/www.ernasiletisim.com\/tr\/wp-json\/wp\/v2\/pages"}],"about":[{"href":"https:\/\/www.ernasiletisim.com\/tr\/wp-json\/wp\/v2\/types\/page"}],"author":[{"embeddable":true,"href":"https:\/\/www.ernasiletisim.com\/tr\/wp-json\/wp\/v2\/users\/1"}],"replies":[{"embeddable":true,"href":"https:\/\/www.ernasiletisim.com\/tr\/wp-json\/wp\/v2\/comments?post=1420"}],"version-history":[{"count":3,"href":"https:\/\/www.ernasiletisim.com\/tr\/wp-json\/wp\/v2\/pages\/1420\/revisions"}],"predecessor-version":[{"id":1595,"href":"https:\/\/www.ernasiletisim.com\/tr\/wp-json\/wp\/v2\/pages\/1420\/revisions\/1595"}],"up":[{"embeddable":true,"href":"https:\/\/www.ernasiletisim.com\/tr\/wp-json\/wp\/v2\/pages\/1418"}],"wp:attachment":[{"href":"https:\/\/www.ernasiletisim.com\/tr\/wp-json\/wp\/v2\/media?parent=1420"}],"curies":[{"name":"wp","href":"https:\/\/api.w.org\/{rel}","templated":true}]}}